{"id":2157,"date":"2023-11-14T01:24:18","date_gmt":"2023-11-14T00:24:18","guid":{"rendered":"https:\/\/www.simkol.pl\/?page_id=2157"},"modified":"2023-11-14T01:39:15","modified_gmt":"2023-11-14T00:39:15","slug":"transport-autobusowy","status":"publish","type":"page","link":"https:\/\/www.simkol.pl\/index.php\/oferta\/transport-autobusowy\/","title":{"rendered":"Transport autobusowy"},"content":{"rendered":"\t\t<div data-elementor-type=\"wp-post\" data-elementor-id=\"2157\" class=\"elementor elementor-2157\">\n\t\t\t\t\t\t<section class=\"elementor-section elementor-top-section elementor-element elementor-element-65395ce elementor-section-boxed elementor-section-height-default elementor-section-height-default\" data-id=\"65395ce\" data-element_type=\"section\" data-e-type=\"section\" data-settings=\"{&quot;background_background&quot;:&quot;classic&quot;}\">\n\t\t\t\t\t\t<div class=\"elementor-container elementor-column-gap-default\">\n\t\t\t\t\t<div class=\"elementor-column elementor-col-100 elementor-top-column elementor-element elementor-element-7197d96\" data-id=\"7197d96\" data-element_type=\"column\" data-e-type=\"column\">\n\t\t\t<div class=\"elementor-widget-wrap elementor-element-populated\">\n\t\t\t\t\t\t<div class=\"elementor-element elementor-element-c8825f4 elementor-widget elementor-widget-heading\" data-id=\"c8825f4\" data-element_type=\"widget\" data-e-type=\"widget\" data-widget_type=\"heading.default\">\n\t\t\t\t<div class=\"elementor-widget-container\">\n\t\t\t\t\t<h2 class=\"elementor-heading-title elementor-size-xl\">KOMUNIKACJA MIEJSKA<\/h2>\t\t\t\t<\/div>\n\t\t\t\t<\/div>\n\t\t\t\t<div class=\"elementor-element elementor-element-7ea8891 elementor-widget elementor-widget-text-editor\" data-id=\"7ea8891\" data-element_type=\"widget\" data-e-type=\"widget\" data-widget_type=\"text-editor.default\">\n\t\t\t\t<div class=\"elementor-widget-container\">\n\t\t\t\t\t\t\t\t\t<p><span style=\"font-size: 14.4px;\">Sp\u00f3\u0142ka SimKol S.A. w ramach\u00a0<\/span><span style=\"font-size: 14.4px; letter-spacing: 0.16px; color: var( --e-global-color-text ); font-family: var( --e-global-typography-text-font-family ), Sans-serif; font-weight: var( --e-global-typography-text-font-weight );\">dywersyfikacji przychod\u00f3w\u00a0<\/span><span style=\"font-size: 14.4px; font-style: inherit; font-weight: inherit; color: var( --e-global-color-text ); font-family: var( --e-global-typography-text-font-family ), Sans-serif; letter-spacing: 0.01em;\">rozszerzy\u0142a w 2022 roku zakres swoich us\u0142ug o transport autobusowy w komunikacji miejskiej. Realizujemy obs\u0142ug\u0119 transportu publicznego na obszarze <\/span><span style=\"font-size: 14.4px; font-style: inherit; color: var( --e-global-color-text ); font-family: var( --e-global-typography-text-font-family ), Sans-serif; letter-spacing: 0.01em;\"><b>G\u00f3rno\u015bl\u0105sko-Zag\u0142\u0119biowskiej Metropolii<\/b><\/span><span style=\"font-size: 14.4px; font-style: inherit; font-weight: inherit; color: var( --e-global-color-text ); font-family: var( --e-global-typography-text-font-family ), Sans-serif; letter-spacing: 0.01em;\"> na zlecenie <\/span><span style=\"font-size: 14.4px; font-style: inherit; color: var( --e-global-color-text ); font-family: var( --e-global-typography-text-font-family ), Sans-serif; letter-spacing: 0.01em;\"><b>Zarz\u0105du Transportu Metropolitalnego w Katowicach<\/b><\/span><span style=\"font-size: 14.4px; font-style: inherit; font-weight: inherit; color: var( --e-global-color-text ); font-family: var( --e-global-typography-text-font-family ), Sans-serif; letter-spacing: 0.01em;\">, jak r\u00f3wnie\u017c sp\u00f3\u0142ek zale\u017cnych GZM &#8211; Przedsi\u0119biorstwa Komunikacji Miejskiej w Tychach, Przedsi\u0119biorstwa Komunikacji Miejskiej w Sosnowcu oraz Tramwaje \u015al\u0105skie S.A. (obs\u0142uga komunikacji awaryjnej dla zajezdni Katowice-Zawodzie). Posiadamy zezwolenie na wykonywanie zawodu drogowego przewo\u017anika, w\u0142asn\u0105 flot\u0119 niskopod\u0142ogowych autobus\u00f3w, a tak\u017ce zajezdni\u0119 wraz z zapleczem warsztatowym.<\/span><\/p>\t\t\t\t\t\t\t\t<\/div>\n\t\t\t\t<\/div>\n\t\t\t\t<div class=\"elementor-element elementor-element-43c1f88 gallery-spacing-custom elementor-widget elementor-widget-image-gallery\" data-id=\"43c1f88\" data-element_type=\"widget\" data-e-type=\"widget\" data-widget_type=\"image-gallery.default\">\n\t\t\t\t<div class=\"elementor-widget-container\">\n\t\t\t\t\t\t\t<div class=\"elementor-image-gallery\">\n\t\t\t<div id='gallery-1' class='gallery galleryid-2157 gallery-columns-2 gallery-size-medium_large'><figure class='gallery-item'>\n\t\t\t<div class='gallery-icon landscape'>\n\t\t\t\t<a data-elementor-open-lightbox=\"yes\" data-elementor-lightbox-slideshow=\"43c1f88\" data-elementor-lightbox-title=\"1225793\" data-e-action-hash=\"#elementor-action%3Aaction%3Dlightbox%26settings%3DeyJpZCI6MjE1OSwidXJsIjoiaHR0cHM6XC9cL3d3dy5zaW1rb2wucGxcL3dwLWNvbnRlbnRcL3VwbG9hZHNcLzIwMjNcLzExXC8xMjI1NzkzLmpwZWciLCJzbGlkZXNob3ciOiI0M2MxZjg4In0%3D\" href='https:\/\/www.simkol.pl\/wp-content\/uploads\/2023\/11\/1225793.jpeg'><img fetchpriority=\"high\" decoding=\"async\" width=\"768\" height=\"512\" src=\"https:\/\/www.simkol.pl\/wp-content\/uploads\/2023\/11\/1225793-768x512.jpeg\" class=\"attachment-medium_large size-medium_large\" alt=\"\" srcset=\"https:\/\/www.simkol.pl\/wp-content\/uploads\/2023\/11\/1225793-768x512.jpeg 768w, https:\/\/www.simkol.pl\/wp-content\/uploads\/2023\/11\/1225793-300x200.jpeg 300w, https:\/\/www.simkol.pl\/wp-content\/uploads\/2023\/11\/1225793-1024x682.jpeg 1024w, https:\/\/www.simkol.pl\/wp-content\/uploads\/2023\/11\/1225793.jpeg 1400w\" sizes=\"(max-width: 768px) 100vw, 768px\" \/><\/a>\n\t\t\t<\/div><\/figure><figure class='gallery-item'>\n\t\t\t<div class='gallery-icon landscape'>\n\t\t\t\t<a data-elementor-open-lightbox=\"yes\" data-elementor-lightbox-slideshow=\"43c1f88\" data-elementor-lightbox-title=\"1193555\" data-e-action-hash=\"#elementor-action%3Aaction%3Dlightbox%26settings%3DeyJpZCI6MjE2MCwidXJsIjoiaHR0cHM6XC9cL3d3dy5zaW1rb2wucGxcL3dwLWNvbnRlbnRcL3VwbG9hZHNcLzIwMjNcLzExXC8xMTkzNTU1LmpwZWciLCJzbGlkZXNob3ciOiI0M2MxZjg4In0%3D\" href='https:\/\/www.simkol.pl\/wp-content\/uploads\/2023\/11\/1193555.jpeg'><img decoding=\"async\" width=\"768\" height=\"512\" src=\"https:\/\/www.simkol.pl\/wp-content\/uploads\/2023\/11\/1193555-768x512.jpeg\" class=\"attachment-medium_large size-medium_large\" alt=\"\" srcset=\"https:\/\/www.simkol.pl\/wp-content\/uploads\/2023\/11\/1193555-768x512.jpeg 768w, https:\/\/www.simkol.pl\/wp-content\/uploads\/2023\/11\/1193555-300x200.jpeg 300w, https:\/\/www.simkol.pl\/wp-content\/uploads\/2023\/11\/1193555-1024x683.jpeg 1024w, https:\/\/www.simkol.pl\/wp-content\/uploads\/2023\/11\/1193555.jpeg 1500w\" sizes=\"(max-width: 768px) 100vw, 768px\" \/><\/a>\n\t\t\t<\/div><\/figure>\n\t\t<\/div>\n\t\t<\/div>\n\t\t\t\t\t\t<\/div>\n\t\t\t\t<\/div>\n\t\t\t\t\t<\/div>\n\t\t<\/div>\n\t\t\t\t\t<\/div>\n\t\t<\/section>\n\t\t\t\t<section class=\"elementor-section elementor-top-section elementor-element elementor-element-185212a elementor-section-boxed elementor-section-height-default elementor-section-height-default\" data-id=\"185212a\" data-element_type=\"section\" data-e-type=\"section\">\n\t\t\t\t\t\t<div class=\"elementor-container elementor-column-gap-default\">\n\t\t\t\t\t<div class=\"elementor-column elementor-col-100 elementor-top-column elementor-element elementor-element-5b03057\" data-id=\"5b03057\" data-element_type=\"column\" data-e-type=\"column\">\n\t\t\t<div class=\"elementor-widget-wrap\">\n\t\t\t\t\t\t\t<\/div>\n\t\t<\/div>\n\t\t\t\t\t<\/div>\n\t\t<\/section>\n\t\t\t\t<\/div>\n\t\t","protected":false},"excerpt":{"rendered":"<p>KOMUNIKACJA MIEJSKA Sp\u00f3\u0142ka SimKol S.A. w ramach\u00a0dywersyfikacji przychod\u00f3w\u00a0rozszerzy\u0142a w 2022 roku zakres swoich us\u0142ug o transport autobusowy w komunikacji miejskiej. Realizujemy obs\u0142ug\u0119 transportu publicznego na obszarze G\u00f3rno\u015bl\u0105sko-Zag\u0142\u0119biowskiej Metropolii na zlecenie Zarz\u0105du Transportu Metropolitalnego w Katowicach, jak r\u00f3wnie\u017c sp\u00f3\u0142ek zale\u017cnych GZM &#8211; Przedsi\u0119biorstwa Komunikacji Miejskiej w Tychach, Przedsi\u0119biorstwa Komunikacji Miejskiej w Sosnowcu oraz Tramwaje \u015al\u0105skie S.A. [&hellip;]<\/p>\n","protected":false},"author":1,"featured_media":0,"parent":1340,"menu_order":3,"comment_status":"closed","ping_status":"closed","template":"page-templates\/pagebuilder.php","meta":{"zakra_page_container_layout":"stretched","zakra_page_sidebar_layout":"no_sidebar","zakra_remove_content_margin":false,"zakra_sidebar":"customizer","zakra_transparent_header":"0","zakra_logo":0,"zakra_main_header_style":"default","zakra_menu_item_color":"","zakra_menu_item_hover_color":"","zakra_menu_item_active_color":"","zakra_menu_active_style":"","zakra_page_header":true,"footnotes":""},"class_list":["post-2157","page","type-page","status-publish","hentry"],"_links":{"self":[{"href":"https:\/\/www.simkol.pl\/index.php\/wp-json\/wp\/v2\/pages\/2157","targetHints":{"allow":["GET"]}}],"collection":[{"href":"https:\/\/www.simkol.pl\/index.php\/wp-json\/wp\/v2\/pages"}],"about":[{"href":"https:\/\/www.simkol.pl\/index.php\/wp-json\/wp\/v2\/types\/page"}],"author":[{"embeddable":true,"href":"https:\/\/www.simkol.pl\/index.php\/wp-json\/wp\/v2\/users\/1"}],"replies":[{"embeddable":true,"href":"https:\/\/www.simkol.pl\/index.php\/wp-json\/wp\/v2\/comments?post=2157"}],"version-history":[{"count":11,"href":"https:\/\/www.simkol.pl\/index.php\/wp-json\/wp\/v2\/pages\/2157\/revisions"}],"predecessor-version":[{"id":2172,"href":"https:\/\/www.simkol.pl\/index.php\/wp-json\/wp\/v2\/pages\/2157\/revisions\/2172"}],"up":[{"embeddable":true,"href":"https:\/\/www.simkol.pl\/index.php\/wp-json\/wp\/v2\/pages\/1340"}],"wp:attachment":[{"href":"https:\/\/www.simkol.pl\/index.php\/wp-json\/wp\/v2\/media?parent=2157"}],"curies":[{"name":"wp","href":"https:\/\/api.w.org\/{rel}","templated":true}]}}