{"id":1801,"date":"2020-10-21T15:14:37","date_gmt":"2020-10-21T13:14:37","guid":{"rendered":"https:\/\/www.simkol.pl\/?page_id=1801"},"modified":"2022-02-21T02:05:29","modified_gmt":"2022-02-21T01:05:29","slug":"usrk","status":"publish","type":"page","link":"https:\/\/www.simkol.pl\/index.php\/oferta\/zarzadcy\/usrk\/","title":{"rendered":"Symulator USRK"},"content":{"rendered":"\t\t<div data-elementor-type=\"wp-post\" data-elementor-id=\"1801\" class=\"elementor elementor-1801\">\n\t\t\t\t\t\t<section class=\"elementor-section elementor-top-section elementor-element elementor-element-185212a elementor-section-boxed elementor-section-height-default elementor-section-height-default\" data-id=\"185212a\" data-element_type=\"section\" data-e-type=\"section\" data-settings=\"{&quot;background_background&quot;:&quot;gradient&quot;}\">\n\t\t\t\t\t\t<div class=\"elementor-container elementor-column-gap-default\">\n\t\t\t\t\t<div class=\"elementor-column elementor-col-100 elementor-top-column elementor-element elementor-element-32d9e60\" data-id=\"32d9e60\" data-element_type=\"column\" data-e-type=\"column\">\n\t\t\t<div class=\"elementor-widget-wrap elementor-element-populated\">\n\t\t\t\t\t\t<div class=\"elementor-element elementor-element-b5575ff elementor-widget elementor-widget-image-gallery\" data-id=\"b5575ff\" data-element_type=\"widget\" data-e-type=\"widget\" data-widget_type=\"image-gallery.default\">\n\t\t\t\t<div class=\"elementor-widget-container\">\n\t\t\t\t\t\t\t<div class=\"elementor-image-gallery\">\n\t\t\t<div id='gallery-1' class='gallery galleryid-1801 gallery-columns-3 gallery-size-medium'><figure class='gallery-item'>\n\t\t\t<div class='gallery-icon landscape'>\n\t\t\t\t<a data-elementor-open-lightbox=\"yes\" data-elementor-lightbox-slideshow=\"b5575ff\" data-elementor-lightbox-title=\"Symulator USRK\" data-e-action-hash=\"#elementor-action%3Aaction%3Dlightbox%26settings%3DeyJpZCI6MTgwNywidXJsIjoiaHR0cHM6XC9cL3d3dy5zaW1rb2wucGxcL3dwLWNvbnRlbnRcL3VwbG9hZHNcLzIwMjBcLzEwXC91c3JrMy0xLmpwZyIsInNsaWRlc2hvdyI6ImI1NTc1ZmYifQ%3D%3D\" href='https:\/\/www.simkol.pl\/wp-content\/uploads\/2020\/10\/usrk3-1.jpg'><img fetchpriority=\"high\" decoding=\"async\" width=\"300\" height=\"169\" src=\"https:\/\/www.simkol.pl\/wp-content\/uploads\/2020\/10\/usrk3-1-300x169.jpg\" class=\"attachment-medium size-medium\" alt=\"\" srcset=\"https:\/\/www.simkol.pl\/wp-content\/uploads\/2020\/10\/usrk3-1-300x169.jpg 300w, https:\/\/www.simkol.pl\/wp-content\/uploads\/2020\/10\/usrk3-1-1024x576.jpg 1024w, https:\/\/www.simkol.pl\/wp-content\/uploads\/2020\/10\/usrk3-1-768x432.jpg 768w, https:\/\/www.simkol.pl\/wp-content\/uploads\/2020\/10\/usrk3-1-1536x864.jpg 1536w, https:\/\/www.simkol.pl\/wp-content\/uploads\/2020\/10\/usrk3-1.jpg 1598w\" sizes=\"(max-width: 300px) 100vw, 300px\" \/><\/a>\n\t\t\t<\/div><\/figure><figure class='gallery-item'>\n\t\t\t<div class='gallery-icon landscape'>\n\t\t\t\t<a data-elementor-open-lightbox=\"yes\" data-elementor-lightbox-slideshow=\"b5575ff\" data-elementor-lightbox-title=\"Symulator USRK\" data-e-action-hash=\"#elementor-action%3Aaction%3Dlightbox%26settings%3DeyJpZCI6MTgwNCwidXJsIjoiaHR0cHM6XC9cL3d3dy5zaW1rb2wucGxcL3dwLWNvbnRlbnRcL3VwbG9hZHNcLzIwMjBcLzEwXC91c3JrLmpwZyIsInNsaWRlc2hvdyI6ImI1NTc1ZmYifQ%3D%3D\" href='https:\/\/www.simkol.pl\/wp-content\/uploads\/2020\/10\/usrk.jpg'><img decoding=\"async\" width=\"300\" height=\"169\" src=\"https:\/\/www.simkol.pl\/wp-content\/uploads\/2020\/10\/usrk-300x169.jpg\" class=\"attachment-medium size-medium\" alt=\"\" srcset=\"https:\/\/www.simkol.pl\/wp-content\/uploads\/2020\/10\/usrk-300x169.jpg 300w, https:\/\/www.simkol.pl\/wp-content\/uploads\/2020\/10\/usrk-1024x576.jpg 1024w, https:\/\/www.simkol.pl\/wp-content\/uploads\/2020\/10\/usrk-768x432.jpg 768w, https:\/\/www.simkol.pl\/wp-content\/uploads\/2020\/10\/usrk-1536x864.jpg 1536w, https:\/\/www.simkol.pl\/wp-content\/uploads\/2020\/10\/usrk.jpg 1598w\" sizes=\"(max-width: 300px) 100vw, 300px\" \/><\/a>\n\t\t\t<\/div><\/figure><figure class='gallery-item'>\n\t\t\t<div class='gallery-icon landscape'>\n\t\t\t\t<a data-elementor-open-lightbox=\"yes\" data-elementor-lightbox-slideshow=\"b5575ff\" data-elementor-lightbox-title=\"Symulator USRK\" data-e-action-hash=\"#elementor-action%3Aaction%3Dlightbox%26settings%3DeyJpZCI6MTgwNSwidXJsIjoiaHR0cHM6XC9cL3d3dy5zaW1rb2wucGxcL3dwLWNvbnRlbnRcL3VwbG9hZHNcLzIwMjBcLzEwXC91c3JrMi5qcGciLCJzbGlkZXNob3ciOiJiNTU3NWZmIn0%3D\" href='https:\/\/www.simkol.pl\/wp-content\/uploads\/2020\/10\/usrk2.jpg'><img decoding=\"async\" width=\"300\" height=\"169\" src=\"https:\/\/www.simkol.pl\/wp-content\/uploads\/2020\/10\/usrk2-300x169.jpg\" class=\"attachment-medium size-medium\" alt=\"\" srcset=\"https:\/\/www.simkol.pl\/wp-content\/uploads\/2020\/10\/usrk2-300x169.jpg 300w, https:\/\/www.simkol.pl\/wp-content\/uploads\/2020\/10\/usrk2-1024x576.jpg 1024w, https:\/\/www.simkol.pl\/wp-content\/uploads\/2020\/10\/usrk2-768x432.jpg 768w, https:\/\/www.simkol.pl\/wp-content\/uploads\/2020\/10\/usrk2-1536x864.jpg 1536w, https:\/\/www.simkol.pl\/wp-content\/uploads\/2020\/10\/usrk2.jpg 1598w\" sizes=\"(max-width: 300px) 100vw, 300px\" \/><\/a>\n\t\t\t<\/div><\/figure>\n\t\t<\/div>\n\t\t<\/div>\n\t\t\t\t\t\t<\/div>\n\t\t\t\t<\/div>\n\t\t\t\t<div class=\"elementor-element elementor-element-9546185 elementor-widget elementor-widget-text-editor\" data-id=\"9546185\" data-element_type=\"widget\" data-e-type=\"widget\" data-widget_type=\"text-editor.default\">\n\t\t\t\t<div class=\"elementor-widget-container\">\n\t\t\t\t\t\t\t\t\t<h3><strong>SZKOLENIE DY\u017bURNYCH RUCHU<\/strong><\/h3>\n<div align=\"justify\">\n<p>Oferujemy Pa\u0144stwu symulacj\u0119 wybranych urz\u0105dze\u0144 sterownia ruchem kolejowym (urz\u0105dzenia komputerowe MOR, EBIScreen, urz\u0105dzenia przeka\u017anikowe, mechaniczne scentralizowane) wraz z r\u00f3\u017cnymi rodzajami blokad liniowych oraz stacyjnych. Ka\u017cdy nasz produkt ma mo\u017cliwo\u015b\u0107 wyposa\u017cenia w dowolne systemy poprawy bezpiecze\u0144stwa ruchu kolejowego, takie jak urz\u0105dzenia przejazdowe, w tym samoczynnej sygnalizacji przejazdowej, system\u00f3w dSAT, detekcji uszkodze\u0144 odbierak\u00f3w pr\u0105du czy system\u00f3w ERTMS\/ETCS. Istnieje mo\u017cliwo\u015b\u0107 odwzorowania pomieszczenia dy\u017curnego ruchu, urz\u0105dze\u0144 \u0142\u0105czno\u015bci oraz system\u00f3w, m.in.: SEPE, SWDR, SERWO. Symulator mo\u017ce mie\u0107 form\u0119 fizycznych stanowisk symulacyjnych lub wizualizacja mo\u017ce by\u0107 realizowana z wykorzystaniem narz\u0119dzi wirtualnej rzeczywisto\u015bci. Urz\u0105dzenia s\u0105 wyposa\u017cone w stanowisko instruktorskie pozwalaj\u0105ce na sterowane przebiegiem symulacji, generowanie zdarze\u0144 w czasie rzeczywistym oraz rejestracj\u0119 i raportowanie przebiegu szkolenia. Wsp\u00f3\u0142pracujemy m.in. z firm\u0105 BOMBARDIER, co gwarantuje, \u017ce nasze urz\u0105dzenia to innowacyjne rozwi\u0105zania szkoleniowe opracowane z najwy\u017csz\u0105 jako\u015bci\u0105 i dba\u0142o\u015bci\u0105 o detale. Zapewniamy pe\u0142n\u0105 zgodno\u015b\u0107 z przepisami i wymogami technicznymi. Symulatory mog\u0105 s\u0142u\u017cy\u0107 do szkolenia zar\u00f3wno czynnych dy\u017curnych ruchu, jak i r\u00f3wnie\u017c przysz\u0142ych pracownik\u00f3w kolei (szko\u0142y \u015brednie oraz uczelnie wy\u017csze).<\/p>\n<p><strong>Przybli\u017cony czas realizacji: 8 tygodni<\/strong><\/p>\n<\/div>\t\t\t\t\t\t\t\t<\/div>\n\t\t\t\t<\/div>\n\t\t\t\t\t<\/div>\n\t\t<\/div>\n\t\t\t\t\t<\/div>\n\t\t<\/section>\n\t\t\t\t<\/div>\n\t\t","protected":false},"excerpt":{"rendered":"<p>SZKOLENIE DY\u017bURNYCH RUCHU Oferujemy Pa\u0144stwu symulacj\u0119 wybranych urz\u0105dze\u0144 sterownia ruchem kolejowym (urz\u0105dzenia komputerowe MOR, EBIScreen, urz\u0105dzenia przeka\u017anikowe, mechaniczne scentralizowane) wraz z r\u00f3\u017cnymi rodzajami blokad liniowych oraz stacyjnych. Ka\u017cdy nasz produkt ma mo\u017cliwo\u015b\u0107 wyposa\u017cenia w dowolne systemy poprawy bezpiecze\u0144stwa ruchu kolejowego, takie jak urz\u0105dzenia przejazdowe, w tym samoczynnej sygnalizacji przejazdowej, system\u00f3w dSAT, detekcji uszkodze\u0144 odbierak\u00f3w pr\u0105du [&hellip;]<\/p>\n","protected":false},"author":1,"featured_media":0,"parent":1673,"menu_order":0,"comment_status":"closed","ping_status":"closed","template":"page-templates\/pagebuilder.php","meta":{"zakra_page_container_layout":"stretched","zakra_page_sidebar_layout":"no_sidebar","zakra_remove_content_margin":false,"zakra_sidebar":"customizer","zakra_transparent_header":"0","zakra_logo":0,"zakra_main_header_style":"default","zakra_menu_item_color":"","zakra_menu_item_hover_color":"","zakra_menu_item_active_color":"","zakra_menu_active_style":"","zakra_page_header":true,"footnotes":""},"class_list":["post-1801","page","type-page","status-publish","hentry"],"_links":{"self":[{"href":"https:\/\/www.simkol.pl\/index.php\/wp-json\/wp\/v2\/pages\/1801","targetHints":{"allow":["GET"]}}],"collection":[{"href":"https:\/\/www.simkol.pl\/index.php\/wp-json\/wp\/v2\/pages"}],"about":[{"href":"https:\/\/www.simkol.pl\/index.php\/wp-json\/wp\/v2\/types\/page"}],"author":[{"embeddable":true,"href":"https:\/\/www.simkol.pl\/index.php\/wp-json\/wp\/v2\/users\/1"}],"replies":[{"embeddable":true,"href":"https:\/\/www.simkol.pl\/index.php\/wp-json\/wp\/v2\/comments?post=1801"}],"version-history":[{"count":8,"href":"https:\/\/www.simkol.pl\/index.php\/wp-json\/wp\/v2\/pages\/1801\/revisions"}],"predecessor-version":[{"id":1997,"href":"https:\/\/www.simkol.pl\/index.php\/wp-json\/wp\/v2\/pages\/1801\/revisions\/1997"}],"up":[{"embeddable":true,"href":"https:\/\/www.simkol.pl\/index.php\/wp-json\/wp\/v2\/pages\/1673"}],"wp:attachment":[{"href":"https:\/\/www.simkol.pl\/index.php\/wp-json\/wp\/v2\/media?parent=1801"}],"curies":[{"name":"wp","href":"https:\/\/api.w.org\/{rel}","templated":true}]}}