{"id":1653,"date":"2020-03-20T22:04:30","date_gmt":"2020-03-20T21:04:30","guid":{"rendered":"https:\/\/www.simkol.pl\/?page_id=1653"},"modified":"2022-02-21T01:45:01","modified_gmt":"2022-02-21T00:45:01","slug":"projekty-eu","status":"publish","type":"page","link":"https:\/\/www.simkol.pl\/index.php\/projekty-eu\/","title":{"rendered":"Projekty EU"},"content":{"rendered":"\t\t<div data-elementor-type=\"wp-post\" data-elementor-id=\"1653\" class=\"elementor elementor-1653\">\n\t\t\t\t\t\t<section class=\"elementor-section elementor-top-section elementor-element elementor-element-65395ce elementor-section-boxed elementor-section-height-default elementor-section-height-default\" data-id=\"65395ce\" data-element_type=\"section\" data-e-type=\"section\" data-settings=\"{&quot;background_background&quot;:&quot;classic&quot;}\">\n\t\t\t\t\t\t<div class=\"elementor-container elementor-column-gap-default\">\n\t\t\t\t\t<div class=\"elementor-column elementor-col-100 elementor-top-column elementor-element elementor-element-7197d96\" data-id=\"7197d96\" data-element_type=\"column\" data-e-type=\"column\">\n\t\t\t<div class=\"elementor-widget-wrap elementor-element-populated\">\n\t\t\t\t\t\t<div class=\"elementor-element elementor-element-68648ef elementor-widget elementor-widget-heading\" data-id=\"68648ef\" data-element_type=\"widget\" data-e-type=\"widget\" data-widget_type=\"heading.default\">\n\t\t\t\t<div class=\"elementor-widget-container\">\n\t\t\t\t\t<h2 class=\"elementor-heading-title elementor-size-default\"><h2 data-elementor-setting-key=\"title\" data-pen-placeholder=\"Pisz tutaj...\" style=\"font-style: normal;font-family: var( --e-global-typography-primary-font-family ), Sans-serif\"><span style=\"font-family: var( --e-global-typography-primary-font-family ), Sans-serif;font-size: 45px;font-weight: 600\">Satus Games ASI<\/span><\/h2><\/h2>\t\t\t\t<\/div>\n\t\t\t\t<\/div>\n\t\t\t\t<div class=\"elementor-element elementor-element-7ea8891 elementor-widget elementor-widget-text-editor\" data-id=\"7ea8891\" data-element_type=\"widget\" data-e-type=\"widget\" data-widget_type=\"text-editor.default\">\n\t\t\t\t<div class=\"elementor-widget-container\">\n\t\t\t\t\t\t\t\t\t<p><span style=\"color: #7a7a7a; font-family: Work Sans, sans-serif;\"><span style=\"font-size: 14.4px;\">SimKol sp. z o.o. zawar\u0142a umow\u0119 inwestycyjn\u0105 z funduszem Satus Games ASI oraz Narodowym Centrum Bada\u0144 i Rozwoju, w ramach kt\u00f3rej zrealizowany zostanie projekt badawczo-rozwojowy pn. &#8222;Opracowanie technologii informatycznej na potrzeby gier rozrywkowych i szkoleniowych symuluj\u0105cych prac\u0119 dy\u017curnego ruchu kolejowego, pozwalaj\u0105cej na automatyzacj\u0119 procesu produkcji (w zakresie automatycznego generowania \u015brodowiska 3D na podstawie danych geodezyjnych i zdj\u0119\u0107 satelitarnych) i wykorzystania VR&#8221;.\u00a0<\/span><\/span><\/p><p><span style=\"font-size: 14.4px; font-style: inherit;\">Ca\u0142kowita warto\u015b\u0107 projektu to 1.140.000,00 z\u0142, z czego 80% to kwota przyznanego dofinansowania NCBR w ramach programu operacyjnego &#8222;Inteligentny rozw\u00f3j 2014-2020, dzia\u0142anie 1.3: Prace B+R finansowane z udzia\u0142em funduszy kapita\u0142owych&#8221;<\/span><\/p>\t\t\t\t\t\t\t\t<\/div>\n\t\t\t\t<\/div>\n\t\t\t\t<div class=\"elementor-element elementor-element-9fd7250 elementor-widget elementor-widget-image-gallery\" data-id=\"9fd7250\" data-element_type=\"widget\" data-e-type=\"widget\" data-widget_type=\"image-gallery.default\">\n\t\t\t\t<div class=\"elementor-widget-container\">\n\t\t\t\t\t\t\t<div class=\"elementor-image-gallery\">\n\t\t\t<div id='gallery-1' class='gallery galleryid-1653 gallery-columns-1 gallery-size-medium_large'><figure class='gallery-item'>\n\t\t\t<div class='gallery-icon landscape'>\n\t\t\t\t<img fetchpriority=\"high\" decoding=\"async\" width=\"768\" height=\"106\" src=\"https:\/\/www.simkol.pl\/wp-content\/uploads\/2022\/02\/FE_POIR_poziom_pl-1_rgb-768x106.jpg\" class=\"attachment-medium_large size-medium_large\" alt=\"\" srcset=\"https:\/\/www.simkol.pl\/wp-content\/uploads\/2022\/02\/FE_POIR_poziom_pl-1_rgb-768x106.jpg 768w, https:\/\/www.simkol.pl\/wp-content\/uploads\/2022\/02\/FE_POIR_poziom_pl-1_rgb-300x41.jpg 300w, https:\/\/www.simkol.pl\/wp-content\/uploads\/2022\/02\/FE_POIR_poziom_pl-1_rgb-1024x141.jpg 1024w, https:\/\/www.simkol.pl\/wp-content\/uploads\/2022\/02\/FE_POIR_poziom_pl-1_rgb-1536x211.jpg 1536w, https:\/\/www.simkol.pl\/wp-content\/uploads\/2022\/02\/FE_POIR_poziom_pl-1_rgb-2048x282.jpg 2048w\" sizes=\"(max-width: 768px) 100vw, 768px\" \/>\n\t\t\t<\/div><\/figure>\n\t\t<\/div>\n\t\t<\/div>\n\t\t\t\t\t\t<\/div>\n\t\t\t\t<\/div>\n\t\t\t\t\t<\/div>\n\t\t<\/div>\n\t\t\t\t\t<\/div>\n\t\t<\/section>\n\t\t\t\t<section class=\"elementor-section elementor-top-section elementor-element elementor-element-185212a elementor-section-boxed elementor-section-height-default elementor-section-height-default\" data-id=\"185212a\" data-element_type=\"section\" data-e-type=\"section\">\n\t\t\t\t\t\t<div class=\"elementor-container elementor-column-gap-default\">\n\t\t\t\t\t<div class=\"elementor-column elementor-col-100 elementor-top-column elementor-element elementor-element-5b03057\" data-id=\"5b03057\" data-element_type=\"column\" data-e-type=\"column\">\n\t\t\t<div class=\"elementor-widget-wrap\">\n\t\t\t\t\t\t\t<\/div>\n\t\t<\/div>\n\t\t\t\t\t<\/div>\n\t\t<\/section>\n\t\t\t\t<\/div>\n\t\t","protected":false},"excerpt":{"rendered":"<p>Satus Games ASI SimKol sp. z o.o. zawar\u0142a umow\u0119 inwestycyjn\u0105 z funduszem Satus Games ASI oraz Narodowym Centrum Bada\u0144 i Rozwoju, w ramach kt\u00f3rej zrealizowany zostanie projekt badawczo-rozwojowy pn. &#8222;Opracowanie technologii informatycznej na potrzeby gier rozrywkowych i szkoleniowych symuluj\u0105cych prac\u0119 dy\u017curnego ruchu kolejowego, pozwalaj\u0105cej na automatyzacj\u0119 procesu produkcji (w zakresie automatycznego generowania \u015brodowiska 3D na [&hellip;]<\/p>\n","protected":false},"author":1,"featured_media":0,"parent":0,"menu_order":3,"comment_status":"closed","ping_status":"closed","template":"page-templates\/pagebuilder.php","meta":{"zakra_page_container_layout":"stretched","zakra_page_sidebar_layout":"no_sidebar","zakra_remove_content_margin":false,"zakra_sidebar":"customizer","zakra_transparent_header":"0","zakra_logo":0,"zakra_main_header_style":"default","zakra_menu_item_color":"","zakra_menu_item_hover_color":"","zakra_menu_item_active_color":"","zakra_menu_active_style":"","zakra_page_header":true,"footnotes":""},"class_list":["post-1653","page","type-page","status-publish","hentry"],"_links":{"self":[{"href":"https:\/\/www.simkol.pl\/index.php\/wp-json\/wp\/v2\/pages\/1653","targetHints":{"allow":["GET"]}}],"collection":[{"href":"https:\/\/www.simkol.pl\/index.php\/wp-json\/wp\/v2\/pages"}],"about":[{"href":"https:\/\/www.simkol.pl\/index.php\/wp-json\/wp\/v2\/types\/page"}],"author":[{"embeddable":true,"href":"https:\/\/www.simkol.pl\/index.php\/wp-json\/wp\/v2\/users\/1"}],"replies":[{"embeddable":true,"href":"https:\/\/www.simkol.pl\/index.php\/wp-json\/wp\/v2\/comments?post=1653"}],"version-history":[{"count":18,"href":"https:\/\/www.simkol.pl\/index.php\/wp-json\/wp\/v2\/pages\/1653\/revisions"}],"predecessor-version":[{"id":2168,"href":"https:\/\/www.simkol.pl\/index.php\/wp-json\/wp\/v2\/pages\/1653\/revisions\/2168"}],"wp:attachment":[{"href":"https:\/\/www.simkol.pl\/index.php\/wp-json\/wp\/v2\/media?parent=1653"}],"curies":[{"name":"wp","href":"https:\/\/api.w.org\/{rel}","templated":true}]}}