{"id":1606,"date":"2020-03-20T20:41:00","date_gmt":"2020-03-20T19:41:00","guid":{"rendered":"https:\/\/www.simkol.pl\/?page_id=1606"},"modified":"2022-02-21T02:03:43","modified_gmt":"2022-02-21T01:03:43","slug":"full","status":"publish","type":"page","link":"https:\/\/www.simkol.pl\/index.php\/oferta\/przewoznicy\/full\/","title":{"rendered":"Symulator FULL SIZE"},"content":{"rendered":"\t\t<div data-elementor-type=\"wp-post\" data-elementor-id=\"1606\" class=\"elementor elementor-1606\">\n\t\t\t\t\t\t<section class=\"elementor-section elementor-top-section elementor-element elementor-element-185212a elementor-section-boxed elementor-section-height-default elementor-section-height-default\" data-id=\"185212a\" data-element_type=\"section\" data-e-type=\"section\" data-settings=\"{&quot;background_background&quot;:&quot;gradient&quot;}\">\n\t\t\t\t\t\t<div class=\"elementor-container elementor-column-gap-default\">\n\t\t\t\t\t<div class=\"elementor-column elementor-col-100 elementor-top-column elementor-element elementor-element-32d9e60\" data-id=\"32d9e60\" data-element_type=\"column\" data-e-type=\"column\">\n\t\t\t<div class=\"elementor-widget-wrap elementor-element-populated\">\n\t\t\t\t\t\t<div class=\"elementor-element elementor-element-b5575ff elementor-widget elementor-widget-image-gallery\" data-id=\"b5575ff\" data-element_type=\"widget\" data-e-type=\"widget\" data-widget_type=\"image-gallery.default\">\n\t\t\t\t<div class=\"elementor-widget-container\">\n\t\t\t\t\t\t\t<div class=\"elementor-image-gallery\">\n\t\t\t<div id='gallery-1' class='gallery galleryid-1606 gallery-columns-3 gallery-size-medium'><figure class='gallery-item'>\n\t\t\t<div class='gallery-icon landscape'>\n\t\t\t\t<a data-elementor-open-lightbox=\"yes\" data-elementor-lightbox-slideshow=\"b5575ff\" data-elementor-lightbox-title=\"20200624_105139-1-scaled\" data-e-action-hash=\"#elementor-action%3Aaction%3Dlightbox%26settings%3DeyJpZCI6MTk4MiwidXJsIjoiaHR0cHM6XC9cL3d3dy5zaW1rb2wucGxcL3dwLWNvbnRlbnRcL3VwbG9hZHNcLzIwMjJcLzAyXC8yMDIwMDYyNF8xMDUxMzktMS1zY2FsZWQtMS5qcGciLCJzbGlkZXNob3ciOiJiNTU3NWZmIn0%3D\" href='https:\/\/www.simkol.pl\/wp-content\/uploads\/2022\/02\/20200624_105139-1-scaled-1.jpg'><img fetchpriority=\"high\" decoding=\"async\" width=\"300\" height=\"169\" src=\"https:\/\/www.simkol.pl\/wp-content\/uploads\/2022\/02\/20200624_105139-1-scaled-1-300x169.jpg\" class=\"attachment-medium size-medium\" alt=\"\" srcset=\"https:\/\/www.simkol.pl\/wp-content\/uploads\/2022\/02\/20200624_105139-1-scaled-1-300x169.jpg 300w, https:\/\/www.simkol.pl\/wp-content\/uploads\/2022\/02\/20200624_105139-1-scaled-1-1024x576.jpg 1024w, https:\/\/www.simkol.pl\/wp-content\/uploads\/2022\/02\/20200624_105139-1-scaled-1-768x432.jpg 768w, https:\/\/www.simkol.pl\/wp-content\/uploads\/2022\/02\/20200624_105139-1-scaled-1-1536x864.jpg 1536w, https:\/\/www.simkol.pl\/wp-content\/uploads\/2022\/02\/20200624_105139-1-scaled-1-2048x1152.jpg 2048w\" sizes=\"(max-width: 300px) 100vw, 300px\" \/><\/a>\n\t\t\t<\/div><\/figure><figure class='gallery-item'>\n\t\t\t<div class='gallery-icon landscape'>\n\t\t\t\t<a data-elementor-open-lightbox=\"yes\" data-elementor-lightbox-slideshow=\"b5575ff\" data-elementor-lightbox-title=\"Symulator FULL SIZE\" data-e-action-hash=\"#elementor-action%3Aaction%3Dlightbox%26settings%3DeyJpZCI6MTYyMCwidXJsIjoiaHR0cHM6XC9cL3d3dy5zaW1rb2wucGxcL3dwLWNvbnRlbnRcL3VwbG9hZHNcLzIwMjBcLzAzXC8xLmpwZyIsInNsaWRlc2hvdyI6ImI1NTc1ZmYifQ%3D%3D\" href='https:\/\/www.simkol.pl\/wp-content\/uploads\/2020\/03\/1.jpg'><img decoding=\"async\" width=\"300\" height=\"169\" src=\"https:\/\/www.simkol.pl\/wp-content\/uploads\/2020\/03\/1-300x169.jpg\" class=\"attachment-medium size-medium\" alt=\"\" srcset=\"https:\/\/www.simkol.pl\/wp-content\/uploads\/2020\/03\/1-300x169.jpg 300w, https:\/\/www.simkol.pl\/wp-content\/uploads\/2020\/03\/1-1024x576.jpg 1024w, https:\/\/www.simkol.pl\/wp-content\/uploads\/2020\/03\/1-768x432.jpg 768w, https:\/\/www.simkol.pl\/wp-content\/uploads\/2020\/03\/1-375x211.jpg 375w, https:\/\/www.simkol.pl\/wp-content\/uploads\/2020\/03\/1-1536x864.jpg 1536w, https:\/\/www.simkol.pl\/wp-content\/uploads\/2020\/03\/1.jpg 1622w\" sizes=\"(max-width: 300px) 100vw, 300px\" \/><\/a>\n\t\t\t<\/div><\/figure><figure class='gallery-item'>\n\t\t\t<div class='gallery-icon landscape'>\n\t\t\t\t<a data-elementor-open-lightbox=\"yes\" data-elementor-lightbox-slideshow=\"b5575ff\" data-elementor-lightbox-title=\"tlo1\" data-e-action-hash=\"#elementor-action%3Aaction%3Dlightbox%26settings%3DeyJpZCI6MTkyNywidXJsIjoiaHR0cHM6XC9cL3d3dy5zaW1rb2wucGxcL3dwLWNvbnRlbnRcL3VwbG9hZHNcLzIwMjJcLzAyXC90bG8xLmpwZyIsInNsaWRlc2hvdyI6ImI1NTc1ZmYifQ%3D%3D\" href='https:\/\/www.simkol.pl\/wp-content\/uploads\/2022\/02\/tlo1.jpg'><img decoding=\"async\" width=\"300\" height=\"169\" src=\"https:\/\/www.simkol.pl\/wp-content\/uploads\/2022\/02\/tlo1-300x169.jpg\" class=\"attachment-medium size-medium\" alt=\"\" srcset=\"https:\/\/www.simkol.pl\/wp-content\/uploads\/2022\/02\/tlo1-300x169.jpg 300w, https:\/\/www.simkol.pl\/wp-content\/uploads\/2022\/02\/tlo1-1024x576.jpg 1024w, https:\/\/www.simkol.pl\/wp-content\/uploads\/2022\/02\/tlo1-768x432.jpg 768w, https:\/\/www.simkol.pl\/wp-content\/uploads\/2022\/02\/tlo1-1536x864.jpg 1536w, https:\/\/www.simkol.pl\/wp-content\/uploads\/2022\/02\/tlo1.jpg 1920w\" sizes=\"(max-width: 300px) 100vw, 300px\" \/><\/a>\n\t\t\t<\/div><\/figure>\n\t\t<\/div>\n\t\t<\/div>\n\t\t\t\t\t\t<\/div>\n\t\t\t\t<\/div>\n\t\t\t\t<div class=\"elementor-element elementor-element-9546185 elementor-widget elementor-widget-text-editor\" data-id=\"9546185\" data-element_type=\"widget\" data-e-type=\"widget\" data-widget_type=\"text-editor.default\">\n\t\t\t\t<div class=\"elementor-widget-container\">\n\t\t\t\t\t\t\t\t\t<h3><strong>PE\u0141NOWYMIAROWA KABINA POJAZDU<\/strong><\/h3>\n<div align=\"justify\">\n<p>Najbardziej wymagaj\u0105cym klientom oferujemy mo\u017cliwo\u015b\u0107 odwzorowania pe\u0142nowymiarowej kabiny wybranego pojazdu z mo\u017cliwo\u015bci\u0105 zabudowy na platformie ruchomej o sze\u015bciu stopniach swobody. Realizacja obejmuje fizyczne odwzorowanie urz\u0105dze\u0144 steruj\u0105cych, \u0142\u0105czno\u015bci oraz automatyki bezpiecze\u0144stwa. Obraz wy\u015bwietlany jest na wielu ekranach o rozdzielczo\u015bci 4K. Symulator korzysta z zaawansowanego technicznie, autorskiego oprogramowania symulacyjnego SimRail, kt\u00f3re zapewnia niespotykany dot\u0105d&nbsp; realizm fizyki prowadzenia pojazd\u00f3w, wysok\u0105 jako\u015b\u0107 grafiki oraz odwzorowania linii kolejowych. Ka\u017cde urz\u0105dzenie wyposa\u017cone jest w stanowisko instruktorskie (zgodnie z wymogami rozporz\u0105dzenia Ministra Infrastruktury i Rozwoju z dnia 23 pa\u017adziernika 2014 r. w sprawie o\u015brodk\u00f3w szkolenia i egzaminowania maszynist\u00f3w oraz kandydat\u00f3w na maszynist\u00f3w) pozwalaj\u0105ce na sterowanie przebiegiem symulacji, generowanie zdarze\u0144 w czasie rzeczywistym oraz rejestracj\u0119 i raportowanie przebiegu szkolenia. Jest to rozwi\u0105zanie dla przewo\u017anik\u00f3w oraz innych podmiot\u00f3w, kt\u00f3rzy ceni\u0105 sobie profesjonalizm oraz oczekuj\u0105 najwy\u017cszej jako\u015bci szkolenia.<\/p>\n<p><strong>Przybli\u017cony czas realizacji: 16 tygodni<\/strong><\/p>\n<\/div>\t\t\t\t\t\t\t\t<\/div>\n\t\t\t\t<\/div>\n\t\t\t\t\t<\/div>\n\t\t<\/div>\n\t\t\t\t\t<\/div>\n\t\t<\/section>\n\t\t\t\t<\/div>\n\t\t","protected":false},"excerpt":{"rendered":"<p>PE\u0141NOWYMIAROWA KABINA POJAZDU Najbardziej wymagaj\u0105cym klientom oferujemy mo\u017cliwo\u015b\u0107 odwzorowania pe\u0142nowymiarowej kabiny wybranego pojazdu z mo\u017cliwo\u015bci\u0105 zabudowy na platformie ruchomej o sze\u015bciu stopniach swobody. Realizacja obejmuje fizyczne odwzorowanie urz\u0105dze\u0144 steruj\u0105cych, \u0142\u0105czno\u015bci oraz automatyki bezpiecze\u0144stwa. Obraz wy\u015bwietlany jest na wielu ekranach o rozdzielczo\u015bci 4K. Symulator korzysta z zaawansowanego technicznie, autorskiego oprogramowania symulacyjnego SimRail, kt\u00f3re zapewnia niespotykany dot\u0105d&nbsp; [&hellip;]<\/p>\n","protected":false},"author":1,"featured_media":0,"parent":1672,"menu_order":2,"comment_status":"closed","ping_status":"closed","template":"page-templates\/pagebuilder.php","meta":{"zakra_page_container_layout":"stretched","zakra_page_sidebar_layout":"no_sidebar","zakra_remove_content_margin":false,"zakra_sidebar":"customizer","zakra_transparent_header":"0","zakra_logo":0,"zakra_main_header_style":"default","zakra_menu_item_color":"","zakra_menu_item_hover_color":"","zakra_menu_item_active_color":"","zakra_menu_active_style":"","zakra_page_header":true,"footnotes":""},"class_list":["post-1606","page","type-page","status-publish","hentry"],"_links":{"self":[{"href":"https:\/\/www.simkol.pl\/index.php\/wp-json\/wp\/v2\/pages\/1606","targetHints":{"allow":["GET"]}}],"collection":[{"href":"https:\/\/www.simkol.pl\/index.php\/wp-json\/wp\/v2\/pages"}],"about":[{"href":"https:\/\/www.simkol.pl\/index.php\/wp-json\/wp\/v2\/types\/page"}],"author":[{"embeddable":true,"href":"https:\/\/www.simkol.pl\/index.php\/wp-json\/wp\/v2\/users\/1"}],"replies":[{"embeddable":true,"href":"https:\/\/www.simkol.pl\/index.php\/wp-json\/wp\/v2\/comments?post=1606"}],"version-history":[{"count":13,"href":"https:\/\/www.simkol.pl\/index.php\/wp-json\/wp\/v2\/pages\/1606\/revisions"}],"predecessor-version":[{"id":1988,"href":"https:\/\/www.simkol.pl\/index.php\/wp-json\/wp\/v2\/pages\/1606\/revisions\/1988"}],"up":[{"embeddable":true,"href":"https:\/\/www.simkol.pl\/index.php\/wp-json\/wp\/v2\/pages\/1672"}],"wp:attachment":[{"href":"https:\/\/www.simkol.pl\/index.php\/wp-json\/wp\/v2\/media?parent=1606"}],"curies":[{"name":"wp","href":"https:\/\/api.w.org\/{rel}","templated":true}]}}