{"id":1595,"date":"2020-03-20T20:21:38","date_gmt":"2020-03-20T19:21:38","guid":{"rendered":"https:\/\/www.simkol.pl\/?page_id=1595"},"modified":"2022-02-21T02:04:13","modified_gmt":"2022-02-21T01:04:13","slug":"mobile","status":"publish","type":"page","link":"https:\/\/www.simkol.pl\/index.php\/oferta\/przewoznicy\/mobile\/","title":{"rendered":"Symulator MOBILNY"},"content":{"rendered":"\t\t<div data-elementor-type=\"wp-post\" data-elementor-id=\"1595\" class=\"elementor elementor-1595\">\n\t\t\t\t\t\t<section class=\"elementor-section elementor-top-section elementor-element elementor-element-185212a elementor-section-boxed elementor-section-height-default elementor-section-height-default\" data-id=\"185212a\" data-element_type=\"section\" data-e-type=\"section\" data-settings=\"{&quot;background_background&quot;:&quot;gradient&quot;}\">\n\t\t\t\t\t\t<div class=\"elementor-container elementor-column-gap-default\">\n\t\t\t\t\t<div class=\"elementor-column elementor-col-100 elementor-top-column elementor-element elementor-element-32d9e60\" data-id=\"32d9e60\" data-element_type=\"column\" data-e-type=\"column\" data-settings=\"{&quot;background_background&quot;:&quot;classic&quot;}\">\n\t\t\t<div class=\"elementor-widget-wrap elementor-element-populated\">\n\t\t\t\t\t\t<div class=\"elementor-element elementor-element-b5575ff elementor-widget elementor-widget-image-gallery\" data-id=\"b5575ff\" data-element_type=\"widget\" data-e-type=\"widget\" data-widget_type=\"image-gallery.default\">\n\t\t\t\t<div class=\"elementor-widget-container\">\n\t\t\t\t\t\t\t<div class=\"elementor-image-gallery\">\n\t\t\t<div id='gallery-1' class='gallery galleryid-1595 gallery-columns-3 gallery-size-medium'><figure class='gallery-item'>\n\t\t\t<div class='gallery-icon landscape'>\n\t\t\t\t<a data-elementor-open-lightbox=\"yes\" data-elementor-lightbox-slideshow=\"b5575ff\" data-elementor-lightbox-title=\"Symulator MOBILNY\" data-e-action-hash=\"#elementor-action%3Aaction%3Dlightbox%26settings%3DeyJpZCI6MTYyNiwidXJsIjoiaHR0cHM6XC9cL3d3dy5zaW1rb2wucGxcL3dwLWNvbnRlbnRcL3VwbG9hZHNcLzIwMjBcLzAzXC90cmF4eC5qcGciLCJzbGlkZXNob3ciOiJiNTU3NWZmIn0%3D\" href='https:\/\/www.simkol.pl\/wp-content\/uploads\/2020\/03\/traxx.jpg'><img fetchpriority=\"high\" decoding=\"async\" width=\"300\" height=\"169\" src=\"https:\/\/www.simkol.pl\/wp-content\/uploads\/2020\/03\/traxx-300x169.jpg\" class=\"attachment-medium size-medium\" alt=\"\" srcset=\"https:\/\/www.simkol.pl\/wp-content\/uploads\/2020\/03\/traxx-300x169.jpg 300w, https:\/\/www.simkol.pl\/wp-content\/uploads\/2020\/03\/traxx-1024x576.jpg 1024w, https:\/\/www.simkol.pl\/wp-content\/uploads\/2020\/03\/traxx-768x432.jpg 768w, https:\/\/www.simkol.pl\/wp-content\/uploads\/2020\/03\/traxx-375x211.jpg 375w, https:\/\/www.simkol.pl\/wp-content\/uploads\/2020\/03\/traxx-1536x864.jpg 1536w, https:\/\/www.simkol.pl\/wp-content\/uploads\/2020\/03\/traxx.jpg 2048w\" sizes=\"(max-width: 300px) 100vw, 300px\" \/><\/a>\n\t\t\t<\/div><\/figure><figure class='gallery-item'>\n\t\t\t<div class='gallery-icon landscape'>\n\t\t\t\t<a data-elementor-open-lightbox=\"yes\" data-elementor-lightbox-slideshow=\"b5575ff\" data-elementor-lightbox-title=\"Symulator MOBILNY\" data-e-action-hash=\"#elementor-action%3Aaction%3Dlightbox%26settings%3DeyJpZCI6MTYyNCwidXJsIjoiaHR0cHM6XC9cL3d3dy5zaW1rb2wucGxcL3dwLWNvbnRlbnRcL3VwbG9hZHNcLzIwMjBcLzAzXC83MTIxNjkzMV83Njk5MTIwNjAxMDc0MTZfODk1MzU3MjM3NDY4NzUxNDYyNF9vLmpwZyIsInNsaWRlc2hvdyI6ImI1NTc1ZmYifQ%3D%3D\" href='https:\/\/www.simkol.pl\/wp-content\/uploads\/2020\/03\/71216931_769912060107416_8953572374687514624_o.jpg'><img decoding=\"async\" width=\"300\" height=\"169\" src=\"https:\/\/www.simkol.pl\/wp-content\/uploads\/2020\/03\/71216931_769912060107416_8953572374687514624_o-300x169.jpg\" class=\"attachment-medium size-medium\" alt=\"\" srcset=\"https:\/\/www.simkol.pl\/wp-content\/uploads\/2020\/03\/71216931_769912060107416_8953572374687514624_o-300x169.jpg 300w, https:\/\/www.simkol.pl\/wp-content\/uploads\/2020\/03\/71216931_769912060107416_8953572374687514624_o-1024x576.jpg 1024w, https:\/\/www.simkol.pl\/wp-content\/uploads\/2020\/03\/71216931_769912060107416_8953572374687514624_o-768x432.jpg 768w, https:\/\/www.simkol.pl\/wp-content\/uploads\/2020\/03\/71216931_769912060107416_8953572374687514624_o-375x211.jpg 375w, https:\/\/www.simkol.pl\/wp-content\/uploads\/2020\/03\/71216931_769912060107416_8953572374687514624_o-1536x864.jpg 1536w, https:\/\/www.simkol.pl\/wp-content\/uploads\/2020\/03\/71216931_769912060107416_8953572374687514624_o.jpg 2048w\" sizes=\"(max-width: 300px) 100vw, 300px\" \/><\/a>\n\t\t\t<\/div><\/figure><figure class='gallery-item'>\n\t\t\t<div class='gallery-icon landscape'>\n\t\t\t\t<a data-elementor-open-lightbox=\"yes\" data-elementor-lightbox-slideshow=\"b5575ff\" data-elementor-lightbox-title=\"tlo3\" data-e-action-hash=\"#elementor-action%3Aaction%3Dlightbox%26settings%3DeyJpZCI6MTkyOSwidXJsIjoiaHR0cHM6XC9cL3d3dy5zaW1rb2wucGxcL3dwLWNvbnRlbnRcL3VwbG9hZHNcLzIwMjJcLzAyXC90bG8zLmpwZyIsInNsaWRlc2hvdyI6ImI1NTc1ZmYifQ%3D%3D\" href='https:\/\/www.simkol.pl\/wp-content\/uploads\/2022\/02\/tlo3.jpg'><img decoding=\"async\" width=\"300\" height=\"169\" src=\"https:\/\/www.simkol.pl\/wp-content\/uploads\/2022\/02\/tlo3-300x169.jpg\" class=\"attachment-medium size-medium\" alt=\"\" srcset=\"https:\/\/www.simkol.pl\/wp-content\/uploads\/2022\/02\/tlo3-300x169.jpg 300w, https:\/\/www.simkol.pl\/wp-content\/uploads\/2022\/02\/tlo3-1024x576.jpg 1024w, https:\/\/www.simkol.pl\/wp-content\/uploads\/2022\/02\/tlo3-768x432.jpg 768w, https:\/\/www.simkol.pl\/wp-content\/uploads\/2022\/02\/tlo3-1536x864.jpg 1536w, https:\/\/www.simkol.pl\/wp-content\/uploads\/2022\/02\/tlo3.jpg 1920w\" sizes=\"(max-width: 300px) 100vw, 300px\" \/><\/a>\n\t\t\t<\/div><\/figure>\n\t\t<\/div>\n\t\t<\/div>\n\t\t\t\t\t\t<\/div>\n\t\t\t\t<\/div>\n\t\t\t\t<div class=\"elementor-element elementor-element-9546185 elementor-widget elementor-widget-text-editor\" data-id=\"9546185\" data-element_type=\"widget\" data-e-type=\"widget\" data-widget_type=\"text-editor.default\">\n\t\t\t\t<div class=\"elementor-widget-container\">\n\t\t\t\t\t\t\t\t\t<h3><strong>KABINA PRAWDZIWEGO POJAZDU LUB PULPIT UIC<\/strong><\/h3>\n<div align=\"justify\">\n<p>W zale\u017cno\u015bci od \u017cyczenia klienta oferujemy Pa\u0144stwu mo\u017cliwo\u015b\u0107 stworzenia pulpitu UIC lub pe\u0142nowymiarowej kabiny prawdziwego pojazdu zabudowanych w samochodzie dostawczym, ci\u0119\u017carowym lub przyczepie. Realizacja obejmuje fizyczne odwzorowanie urz\u0105dze\u0144 steruj\u0105cych, \u0142\u0105czno\u015bci oraz automatyki bezpiecze\u0144stwa. Obraz wy\u015bwietlany jest na wielu ekranach o rozdzielczo\u015bci 4K. Symulator korzysta z zaawansowanego technicznie, autorskiego oprogramowania symulacyjnego SimRail, kt\u00f3re zapewnia niespotykany dot\u0105d&nbsp; realizm fizyki prowadzenia pojazd\u00f3w, wysok\u0105 jako\u015b\u0107 grafiki oraz odwzorowania linii kolejowych. Ka\u017cde urz\u0105dzenie wyposa\u017cone jest w stanowisko instruktorskie (zgodnie z wymogami rozporz\u0105dzenia Ministra Infrastruktury i Rozwoju z dnia 23 pa\u017adziernika 2014 r. w sprawie o\u015brodk\u00f3w szkolenia i egzaminowania maszynist\u00f3w oraz kandydat\u00f3w na maszynist\u00f3w) pozwalaj\u0105ce na sterowanie przebiegiem symulacji, generowanie zdarze\u0144 w czasie rzeczywistym oraz rejestracj\u0119 i raportowanie przebiegu szkolenia. Jest to idealne rozwi\u0105zanie dla przewo\u017anik\u00f3w i innych podmiot\u00f3w, kt\u00f3rzy ceni\u0105 sobie mobilno\u015b\u0107 i brak konieczno\u015bci organizowania kosztownych delegacji maszynist\u00f3w do miejsca odbywania szkolenia.<\/p>\n<p><strong>Przybli\u017cony czas realizacji: 16 tygodni<\/strong><\/p>\n<\/div>\t\t\t\t\t\t\t\t<\/div>\n\t\t\t\t<\/div>\n\t\t\t\t\t<\/div>\n\t\t<\/div>\n\t\t\t\t\t<\/div>\n\t\t<\/section>\n\t\t\t\t<\/div>\n\t\t","protected":false},"excerpt":{"rendered":"<p>KABINA PRAWDZIWEGO POJAZDU LUB PULPIT UIC W zale\u017cno\u015bci od \u017cyczenia klienta oferujemy Pa\u0144stwu mo\u017cliwo\u015b\u0107 stworzenia pulpitu UIC lub pe\u0142nowymiarowej kabiny prawdziwego pojazdu zabudowanych w samochodzie dostawczym, ci\u0119\u017carowym lub przyczepie. Realizacja obejmuje fizyczne odwzorowanie urz\u0105dze\u0144 steruj\u0105cych, \u0142\u0105czno\u015bci oraz automatyki bezpiecze\u0144stwa. Obraz wy\u015bwietlany jest na wielu ekranach o rozdzielczo\u015bci 4K. Symulator korzysta z zaawansowanego technicznie, autorskiego oprogramowania [&hellip;]<\/p>\n","protected":false},"author":1,"featured_media":0,"parent":1672,"menu_order":1,"comment_status":"closed","ping_status":"closed","template":"page-templates\/pagebuilder.php","meta":{"zakra_page_container_layout":"stretched","zakra_page_sidebar_layout":"no_sidebar","zakra_remove_content_margin":false,"zakra_sidebar":"customizer","zakra_transparent_header":"0","zakra_logo":0,"zakra_main_header_style":"default","zakra_menu_item_color":"","zakra_menu_item_hover_color":"","zakra_menu_item_active_color":"","zakra_menu_active_style":"","zakra_page_header":true,"footnotes":""},"class_list":["post-1595","page","type-page","status-publish","hentry"],"_links":{"self":[{"href":"https:\/\/www.simkol.pl\/index.php\/wp-json\/wp\/v2\/pages\/1595","targetHints":{"allow":["GET"]}}],"collection":[{"href":"https:\/\/www.simkol.pl\/index.php\/wp-json\/wp\/v2\/pages"}],"about":[{"href":"https:\/\/www.simkol.pl\/index.php\/wp-json\/wp\/v2\/types\/page"}],"author":[{"embeddable":true,"href":"https:\/\/www.simkol.pl\/index.php\/wp-json\/wp\/v2\/users\/1"}],"replies":[{"embeddable":true,"href":"https:\/\/www.simkol.pl\/index.php\/wp-json\/wp\/v2\/comments?post=1595"}],"version-history":[{"count":15,"href":"https:\/\/www.simkol.pl\/index.php\/wp-json\/wp\/v2\/pages\/1595\/revisions"}],"predecessor-version":[{"id":1991,"href":"https:\/\/www.simkol.pl\/index.php\/wp-json\/wp\/v2\/pages\/1595\/revisions\/1991"}],"up":[{"embeddable":true,"href":"https:\/\/www.simkol.pl\/index.php\/wp-json\/wp\/v2\/pages\/1672"}],"wp:attachment":[{"href":"https:\/\/www.simkol.pl\/index.php\/wp-json\/wp\/v2\/media?parent=1595"}],"curies":[{"name":"wp","href":"https:\/\/api.w.org\/{rel}","templated":true}]}}